{"id":4415,"date":"2023-01-06T17:57:13","date_gmt":"2023-01-06T14:57:13","guid":{"rendered":"https:\/\/weknowyourchange.com\/startseite\/"},"modified":"2023-01-10T14:22:45","modified_gmt":"2023-01-10T11:22:45","slug":"hauptseite","status":"publish","type":"page","link":"https:\/\/weknowyourchange.com\/de\/","title":{"rendered":"Hauptseite"},"content":{"rendered":"<p>[vc_row type=&#8220;full-width&#8220;][vc_column][rev_slider_vc alias=&#8220;home-mainclassic-slider&#8220;][\/vc_column][\/vc_row][vc_row top_margin=&#8220;page-margin-top-section&#8220; css=&#8220;.vc_custom_1659302440374{padding-top: 32px !important;padding-right: 32px !important;padding-bottom: 32px !important;padding-left: 32px !important;background-color: #ffffff !important;}&#8220; el_id=&#8220;\u00dcBER UNS&#8220;][vc_column width=&#8220;1\/2&#8243; el_class=&#8220;padding-right-30&#8243;][vc_single_image image=&#8220;4204&#8243; img_size=&#8220;medicenter-vertical-image&#8220; el_class=&#8220;page-margin-top side-image&#8220;][vc_single_image image=&#8220;4205&#8243; img_size=&#8220;medicenter-vertical-image&#8220; alignment=&#8220;right&#8220;][\/vc_column][vc_column width=&#8220;1\/2&#8243;][box_header title=&#8220;Obezite Cerrahi Tedavileri Arac\u0131 Kurulu\u015fu&#8220; bottom_border=&#8220;1&#8243; animation=&#8220;0&#8243;][vc_column_text el_class=&#8220;large margin-top-10&#8243;]<\/p>\n<h4>\u00dcBER UNS<\/h4>\n<p>Als We Know Your Change Tourism<br \/>\nWir bieten unseren ausl\u00e4ndischen Patienten, die aus dem Ausland kommen, Dienstleistungen in den Bereichen Haartransplantation, zahn\u00e4rztliche Behandlungen und \u00e4sthetische Chirurgie durch unsere Englisch, Deutsch und Franz\u00f6sisch sprechenden \u00dcbersetzer in den Krankenh\u00e4usern, die wir unter Vertrag haben. Wir beraten Sie auch in Fragen des Flughafentransfers, der Hotelunterbringung, des Behandlungsbedarfs und der Besichtigung von Sehensw\u00fcrdigkeiten in Istanbul.[\/vc_column_text][vc_row_inner][vc_column_inner width=&#8220;1\/2&#8243; css=&#8220;.vc_custom_1659301628300{margin-top: 14px !important;}&#8220;][items_list type=&#8220;simple&#8220; animation=&#8220;0&#8243; additembutton=&#8220;&#8220; read_more=&#8220;0&#8243;][item type=&#8220;items&#8220; value=&#8220;&#8220; url=&#8220;&#8220; url_target=&#8220;new_window&#8220; icon=&#8220;tick-2&#8243; text_color=&#8220;&#8220; value_color=&#8220;&#8220; value_bg_color=&#8220;&#8220; border_color=&#8220;&#8220;]Chirurgische Behandlungen der Adipositas[\/item][item type=&#8220;items&#8220; value=&#8220;&#8220; url=&#8220;&#8220; url_target=&#8220;new_window&#8220; icon=&#8220;tick-2&#8243; text_color=&#8220;&#8220; value_color=&#8220;&#8220; value_bg_color=&#8220;&#8220; border_color=&#8220;&#8220;]Zahn- und Kieferbehandlungen[\/item][item type=&#8220;items&#8220; value=&#8220;&#8220; url=&#8220;&#8220; url_target=&#8220;new_window&#8220; icon=&#8220;tick-2&#8243; text_color=&#8220;&#8220; value_color=&#8220;&#8220; value_bg_color=&#8220;&#8220; border_color=&#8220;&#8220;]Metabolische Chirurgie[\/item][\/items_list][\/vc_column_inner][vc_column_inner width=&#8220;1\/2&#8243;][items_list type=&#8220;simple&#8220; animation=&#8220;0&#8243; additembutton=&#8220;&#8220; read_more=&#8220;0&#8243; class=&#8220;margin-top-15&#8243;][item type=&#8220;items&#8220; value=&#8220;&#8220; url=&#8220;&#8220; url_target=&#8220;new_window&#8220; icon=&#8220;tick-2&#8243; text_color=&#8220;&#8220; value_color=&#8220;&#8220; value_bg_color=&#8220;&#8220; border_color=&#8220;&#8220;]Onkologische Behandlungen[\/item][item type=&#8220;items&#8220; value=&#8220;&#8220; url=&#8220;&#8220; url_target=&#8220;new_window&#8220; icon=&#8220;tick-2&#8243; text_color=&#8220;&#8220; value_color=&#8220;&#8220; value_bg_color=&#8220;&#8220; border_color=&#8220;&#8220;]Haartransplantationsbehandlungen[\/item][item type=&#8220;items&#8220; value=&#8220;&#8220; url=&#8220;&#8220; url_target=&#8220;new_window&#8220; icon=&#8220;tick-2&#8243; text_color=&#8220;&#8220; value_color=&#8220;&#8220; value_bg_color=&#8220;&#8220; border_color=&#8220;&#8220;]Plastische Chirurgie[\/item][\/items_list][\/vc_column_inner][\/vc_row_inner][\/vc_column][\/vc_row][vc_row type=&#8220;full-width&#8220; top_margin=&#8220;page-margin-top-section&#8220; el_class=&#8220;align-center padding-top-57 padding-bottom-63&#8243;][vc_column width=&#8220;1\/4&#8243;][vc_empty_space][\/vc_column][vc_column width=&#8220;1\/4&#8243;][\/vc_column][vc_column width=&#8220;1\/4&#8243;][\/vc_column][vc_column width=&#8220;1\/4&#8243;][vc_button title=&#8220;Jetzt einen Termin vereinbaren&#8220; size=&#8220;large&#8220; icon=&#8220;template-arrow-horizontal-1-after&#8220; style=&#8220;dark-color&#8220; href=&#8220;https:%2F%2Fwa.me%2F%20905466102000%3Ftext%3DBilgi%20Almak%20%C4%B0stiyorum%20Clinicht|&#8220;][\/vc_column][\/vc_row][vc_row type=&#8220;full-width&#8220; css=&#8220;.vc_custom_1659302459873{margin-bottom: -64px !important;padding-top: 32px !important;padding-bottom: 32px !important;background-color: #ffffff !important;}&#8220; el_id=&#8220;Vertragsinstitutionen&#8220;][vc_column][vc_custom_heading text=&#8220;Beauftragte Institutionen&#8220; font_container=&#8220;tag:h2|text_align:center|color:%231e73be&#8220; use_theme_fonts=&#8220;yes&#8220;][vc_row_inner content_placement=&#8220;middle&#8220; top_margin=&#8220;page-margin-top&#8220; el_class=&#8220;margin-bottom-50&#8243;][vc_column_inner width=&#8220;1\/4&#8243;][our_clients images=&#8220;4468&#8243; onclick=&#8220;custom_link&#8220; custom_links_target=&#8220;_blank&#8220; custom_links=&#8220;https:\/\/hsmradyoloji.com\/&#8220; el_class=&#8220;Hsm \u0130leri G\u00f6r\u00fcnt\u00fcleme ve Tan\u0131 Merkezi&#8220;][vc_column_text]<\/p>\n<p style=\"text-align: center;\"><strong>Hsm Erweitertes Bildgebungs- und Diagnosezentrum<\/strong><\/p>\n<p>[\/vc_column_text][\/vc_column_inner][vc_column_inner width=&#8220;1\/4&#8243;][our_clients images=&#8220;4201&#8243; onclick=&#8220;custom_link&#8220; custom_links_target=&#8220;_blank&#8220; custom_links=&#8220;www.tursab.com.tr&#8220;][vc_column_text]<\/p>\n<p style=\"text-align: center;\"><strong>TURSAB<\/strong><\/p>\n<p>[\/vc_column_text][\/vc_column_inner][vc_column_inner width=&#8220;1\/4&#8243;][our_clients images=&#8220;4623&#8243; onclick=&#8220;custom_link&#8220; custom_links_target=&#8220;_blank&#8220; custom_links=&#8220;https:\/\/metinkaradeniz.com\/tr\/anasayfa\/&#8220;][vc_column_text]<\/p>\n<p style=\"text-align: center;\"><strong>Op. Dr. Metin Karadeniz Klinik<\/strong><\/p>\n<p>[\/vc_column_text][\/vc_column_inner][vc_column_inner width=&#8220;1\/4&#8243;][our_clients images=&#8220;4506&#8243; onclick=&#8220;custom_link&#8220; custom_links_target=&#8220;_blank&#8220; custom_links=&#8220;https:\/\/atakent.com\/&#8220;][vc_column_text]<\/p>\n<p style=\"text-align: center;\"><strong>Krankenhaus Yalova Atakent<\/strong><\/p>\n<p>[\/vc_column_text][\/vc_column_inner][\/vc_row_inner][\/vc_column][\/vc_row][vc_row el_id=&#8220;Kommunikation&#8220;][vc_column][vc_column_text]<\/p>\n<p>[\/vc_column_text][\/vc_column][\/vc_row][vc_row top_margin=&#8220;page-margin-top-section&#8220;][vc_column width=&#8220;1\/3&#8243;]<ul class=\"clearfix mc-features mc-features-large mc-features-style-light\"><li class=\"item-content clearfix no-icon\">\r\n\t\t\t\t<div class=\"text\"><h2><span   title=\"Adresse\">Adresse<\/span><\/h2><p>Atat\u00fcrk Mah. G\u00fclay Sok no:13\/A 34758<br \/>\nAta\u015fehir \/ \u0130stanbul, T\u00fcrkiye<\/p>\n<\/div>\r\n\t\t\t<\/li><\/ul>[\/vc_column][vc_column width=&#8220;1\/3&#8243;]<ul class=\"clearfix mc-features mc-features-large mc-features-style-light\"><li class=\"item-content clearfix no-icon\">\r\n\t\t\t\t<div class=\"text\"><h2><span   title=\"Telefon\">Telefon<\/span><\/h2><p>+90 546 610 2000<\/p>\n<\/div>\r\n\t\t\t<\/li><\/ul>[\/vc_column][vc_column width=&#8220;1\/3&#8243;]<ul class=\"clearfix mc-features mc-features-large mc-features-style-light\"><li class=\"item-content clearfix no-icon\">\r\n\t\t\t\t<div class=\"text\"><h2><span   title=\"Arbeitszeit\">Arbeitszeit<\/span><\/h2><p>7\/24<\/p>\n<\/div>\r\n\t\t\t<\/li><\/ul>[\/vc_column][\/vc_row]<\/p>\n","protected":false},"excerpt":{"rendered":"<p>[vc_row type=&#8220;full-width&#8220;][vc_column][rev_slider_vc alias=&#8220;home-mainclassic-slider&#8220;][\/vc_column][\/vc_row][vc_row top_margin=&#8220;page-margin-top-section&#8220; css=&#8220;.vc_custom_1659302440374{padding-top: 32px !important;padding-right: 32px !important;padding-bottom: 32px !important;padding-left: 32px !important;background-color: #ffffff !important;}&#8220; el_id=&#8220;\u00dcBER UNS&#8220;][vc_column width=&#8220;1\/2&#8243; el_class=&#8220;padding-right-30&#8243;][vc_single_image image=&#8220;4204&#8243; img_size=&#8220;medicenter-vertical-image&#8220; el_class=&#8220;page-margin-top side-image&#8220;][vc_single_image image=&#8220;4205&#8243; img_size=&#8220;medicenter-vertical-image&#8220; alignment=&#8220;right&#8220;][\/vc_column][vc_column width=&#8220;1\/2&#8243;][box_header title=&#8220;Obezite Cerrahi Tedavileri Arac\u0131 Kurulu\u015fu&#8220; bottom_border=&#8220;1&#8243; animation=&#8220;0&#8243;][vc_column_text el_class=&#8220;large margin-top-10&#8243;] \u00dcBER UNS Als We Know Your Change Tourism Wir bieten unseren ausl\u00e4ndischen Patienten, die aus dem Ausland kommen, Dienstleistungen<\/p>\n","protected":false},"author":1,"featured_media":0,"parent":0,"menu_order":0,"comment_status":"closed","ping_status":"closed","template":"template-default-without-breadcrumbs.php","meta":{"footnotes":""},"class_list":["post-4415","page","type-page","status-publish","hentry"],"_links":{"self":[{"href":"https:\/\/weknowyourchange.com\/de\/wp-json\/wp\/v2\/pages\/4415","targetHints":{"allow":["GET"]}}],"collection":[{"href":"https:\/\/weknowyourchange.com\/de\/wp-json\/wp\/v2\/pages"}],"about":[{"href":"https:\/\/weknowyourchange.com\/de\/wp-json\/wp\/v2\/types\/page"}],"author":[{"embeddable":true,"href":"https:\/\/weknowyourchange.com\/de\/wp-json\/wp\/v2\/users\/1"}],"replies":[{"embeddable":true,"href":"https:\/\/weknowyourchange.com\/de\/wp-json\/wp\/v2\/comments?post=4415"}],"version-history":[{"count":52,"href":"https:\/\/weknowyourchange.com\/de\/wp-json\/wp\/v2\/pages\/4415\/revisions"}],"predecessor-version":[{"id":4627,"href":"https:\/\/weknowyourchange.com\/de\/wp-json\/wp\/v2\/pages\/4415\/revisions\/4627"}],"wp:attachment":[{"href":"https:\/\/weknowyourchange.com\/de\/wp-json\/wp\/v2\/media?parent=4415"}],"curies":[{"name":"wp","href":"https:\/\/api.w.org\/{rel}","templated":true}]}}