{"id":4401,"date":"2023-01-06T17:57:13","date_gmt":"2023-01-06T14:57:13","guid":{"rendered":"https:\/\/weknowyourchange.com\/home\/"},"modified":"2023-01-10T14:21:22","modified_gmt":"2023-01-10T11:21:22","slug":"home-page","status":"publish","type":"page","link":"https:\/\/weknowyourchange.com\/en\/","title":{"rendered":"Home Page"},"content":{"rendered":"<p>[vc_row type=&#8221;full-width&#8221;][vc_column][rev_slider_vc alias=&#8221;home-mainclassic-slider&#8221;][\/vc_column][\/vc_row][vc_row top_margin=&#8221;page-margin-top-section&#8221; css=&#8221;.vc_custom_1659302440374{padding-top: 32px !important;padding-right: 32px !important;padding-bottom: 32px !important;padding-left: 32px !important;background-color: #ffffff !important;}&#8221; el_id=&#8221;ABOUT US&#8221;][vc_column width=&#8221;1\/2&#8243; el_class=&#8221;padding-right-30&#8243;][vc_single_image image=&#8221;4204&#8243; img_size=&#8221;medicenter-vertical-image&#8221; el_class=&#8221;page-margin-top side-image&#8221;][vc_single_image image=&#8221;4205&#8243; img_size=&#8221;medicenter-vertical-image&#8221; alignment=&#8221;right&#8221;][\/vc_column][vc_column width=&#8221;1\/2&#8243;][box_header title=&#8221;Obezite Cerrahi Tedavileri Arac\u0131 Kurulu\u015fu&#8221; bottom_border=&#8221;1&#8243; animation=&#8221;0&#8243;][vc_column_text el_class=&#8221;large margin-top-10&#8243;]<\/p>\n<h4>ABOUT US<\/h4>\n<p>As We Know Your Change Tourism;<br \/>\nWe provide services in the fields of hair transplantation, dental treatments, aesthetic surgery treatments to our foreign patients coming from abroad through our English, German and French speaking translators in the hospitals we have contracted. We also advise on airport transfers, hotel accommodation, treatment needs and sightseeing in Istanbul.[\/vc_column_text][vc_row_inner][vc_column_inner width=&#8221;1\/2&#8243; css=&#8221;.vc_custom_1659301628300{margin-top: 14px !important;}&#8221;][items_list type=&#8221;simple&#8221; animation=&#8221;0&#8243; additembutton=&#8221;&#8221; read_more=&#8221;0&#8243;][item type=&#8221;items&#8221; value=&#8221;&#8221; url=&#8221;&#8221; url_target=&#8221;new_window&#8221; icon=&#8221;tick-2&#8243; text_color=&#8221;&#8221; value_color=&#8221;&#8221; value_bg_color=&#8221;&#8221; border_color=&#8221;&#8221;]Obesity Surgical Treatments[\/item][item type=&#8221;items&#8221; value=&#8221;&#8221; url=&#8221;&#8221; url_target=&#8221;new_window&#8221; icon=&#8221;tick-2&#8243; text_color=&#8221;&#8221; value_color=&#8221;&#8221; value_bg_color=&#8221;&#8221; border_color=&#8221;&#8221;]Dental and Maxillofacial Treatments[\/item][item type=&#8221;items&#8221; value=&#8221;&#8221; url=&#8221;&#8221; url_target=&#8221;new_window&#8221; icon=&#8221;tick-2&#8243; text_color=&#8221;&#8221; value_color=&#8221;&#8221; value_bg_color=&#8221;&#8221; border_color=&#8221;&#8221;]Metabolic Surgery[\/item][\/items_list][\/vc_column_inner][vc_column_inner width=&#8221;1\/2&#8243;][items_list type=&#8221;simple&#8221; animation=&#8221;0&#8243; additembutton=&#8221;&#8221; read_more=&#8221;0&#8243; class=&#8221;margin-top-15&#8243;][item type=&#8221;items&#8221; value=&#8221;&#8221; url=&#8221;&#8221; url_target=&#8221;new_window&#8221; icon=&#8221;tick-2&#8243; text_color=&#8221;&#8221; value_color=&#8221;&#8221; value_bg_color=&#8221;&#8221; border_color=&#8221;&#8221;]Oncology Treatments[\/item][item type=&#8221;items&#8221; value=&#8221;&#8221; url=&#8221;&#8221; url_target=&#8221;new_window&#8221; icon=&#8221;tick-2&#8243; text_color=&#8221;&#8221; value_color=&#8221;&#8221; value_bg_color=&#8221;&#8221; border_color=&#8221;&#8221;]Hair Transplant Treatments[\/item][item type=&#8221;items&#8221; value=&#8221;&#8221; url=&#8221;&#8221; url_target=&#8221;new_window&#8221; icon=&#8221;tick-2&#8243; text_color=&#8221;&#8221; value_color=&#8221;&#8221; value_bg_color=&#8221;&#8221; border_color=&#8221;&#8221;]Plastic Surgery[\/item][\/items_list][\/vc_column_inner][\/vc_row_inner][\/vc_column][\/vc_row][vc_row type=&#8221;full-width&#8221; top_margin=&#8221;page-margin-top-section&#8221; el_class=&#8221;align-center padding-top-57 padding-bottom-63&#8243;][vc_column width=&#8221;1\/4&#8243;][vc_empty_space][\/vc_column][vc_column width=&#8221;1\/4&#8243;][\/vc_column][vc_column width=&#8221;1\/4&#8243;][\/vc_column][vc_column width=&#8221;1\/4&#8243;][vc_button title=&#8221;Make an Appointment Now&#8221; size=&#8221;large&#8221; icon=&#8221;template-arrow-horizontal-1-after&#8221; style=&#8221;dark-color&#8221; href=&#8221;https:%2F%2Fwa.me%2F%20905466102000%3Ftext%3DBilgi%20Almak%20%C4%B0stiyorum%20Clinicht|&#8221;][\/vc_column][\/vc_row][vc_row type=&#8221;full-width&#8221; css=&#8221;.vc_custom_1659302459873{margin-bottom: -64px !important;padding-top: 32px !important;padding-bottom: 32px !important;background-color: #ffffff !important;}&#8221; el_id=&#8221;contracted-institutions&#8221;][vc_column][vc_custom_heading text=&#8221;Contracted Institutions&#8221; font_container=&#8221;tag:h2|text_align:center|color:%231e73be&#8221; use_theme_fonts=&#8221;yes&#8221;][vc_row_inner content_placement=&#8221;middle&#8221; top_margin=&#8221;page-margin-top&#8221; el_class=&#8221;margin-bottom-50&#8243;][vc_column_inner width=&#8221;1\/4&#8243;][our_clients images=&#8221;4468&#8243; onclick=&#8221;custom_link&#8221; custom_links_target=&#8221;_blank&#8221; custom_links=&#8221;https:\/\/hsmradyoloji.com\/&#8221; el_class=&#8221;Hsm \u0130leri G\u00f6r\u00fcnt\u00fcleme ve Tan\u0131 Merkezi&#8221;][vc_column_text]<\/p>\n<p style=\"text-align: center;\"><strong>Hsm Advanced Imaging and Diagnostic Center<\/strong><\/p>\n<p>[\/vc_column_text][\/vc_column_inner][vc_column_inner width=&#8221;1\/4&#8243;][our_clients images=&#8221;4201&#8243; onclick=&#8221;custom_link&#8221; custom_links_target=&#8221;_blank&#8221; custom_links=&#8221;www.tursab.com.tr&#8221;][vc_column_text]<\/p>\n<p style=\"text-align: center;\"><strong>TURSAB<\/strong><\/p>\n<p>[\/vc_column_text][\/vc_column_inner][vc_column_inner width=&#8221;1\/4&#8243;][our_clients images=&#8221;4621&#8243; onclick=&#8221;custom_link&#8221; custom_links_target=&#8221;_blank&#8221; custom_links=&#8221;https:\/\/metinkaradeniz.com\/tr\/anasayfa\/&#8221;][vc_column_text]<\/p>\n<p style=\"text-align: center;\"><strong>Op. Dr. Metin Karadeniz Clinic<\/strong><\/p>\n<p>[\/vc_column_text][\/vc_column_inner][vc_column_inner width=&#8221;1\/4&#8243;][our_clients images=&#8221;4506&#8243; onclick=&#8221;custom_link&#8221; custom_links_target=&#8221;_blank&#8221; custom_links=&#8221;https:\/\/atakent.com\/&#8221;][vc_column_text]<\/p>\n<p style=\"text-align: center;\"><strong>Yalova Atakent Hospital<\/strong><\/p>\n<p>[\/vc_column_text][\/vc_column_inner][\/vc_row_inner][\/vc_column][\/vc_row][vc_row el_id=&#8221;Contact&#8221;][vc_column][vc_column_text]<\/p>\n<p>[\/vc_column_text][\/vc_column][\/vc_row][vc_row top_margin=&#8221;page-margin-top-section&#8221;][vc_column width=&#8221;1\/3&#8243;]<ul class=\"clearfix mc-features mc-features-large mc-features-style-light\"><li class=\"item-content clearfix\">\r\n\t\t\t\t<span class=\"hexagon animated-element animation-scale\"  title=\"Adress\"><span class=\"features-\"><\/span><\/span><div class=\"text\"><h2><span   title=\"Adress\">Adress<\/span><\/h2><p>Atat\u00fcrk Mah. G\u00fclay Sok no:13\/A 34758<br \/>\nAta\u015fehir \/ \u0130stanbul, T\u00fcrkiye<\/p>\n<\/div>\r\n\t\t\t<\/li><\/ul>[\/vc_column][vc_column width=&#8221;1\/3&#8243;]<ul class=\"clearfix mc-features mc-features-large mc-features-style-light\"><li class=\"item-content clearfix\">\r\n\t\t\t\t<span class=\"hexagon animated-element animation-scale\"  title=\"Phone\"><span class=\"features-\"><\/span><\/span><div class=\"text\"><h2><span   title=\"Phone\">Phone<\/span><\/h2><p>+90 546 610 2000<\/p>\n<\/div>\r\n\t\t\t<\/li><\/ul>[\/vc_column][vc_column width=&#8221;1\/3&#8243;]<ul class=\"clearfix mc-features mc-features-large mc-features-style-light\"><li class=\"item-content clearfix\">\r\n\t\t\t\t<span class=\"hexagon animated-element animation-scale\"  title=\"Working Hours\"><span class=\"features-\"><\/span><\/span><div class=\"text\"><h2><span   title=\"Working Hours\">Working Hours<\/span><\/h2><p>7\/24<\/p>\n<\/div>\r\n\t\t\t<\/li><\/ul>[\/vc_column][\/vc_row]<\/p>\n","protected":false},"excerpt":{"rendered":"<p>[vc_row type=&#8221;full-width&#8221;][vc_column][rev_slider_vc alias=&#8221;home-mainclassic-slider&#8221;][\/vc_column][\/vc_row][vc_row top_margin=&#8221;page-margin-top-section&#8221; css=&#8221;.vc_custom_1659302440374{padding-top: 32px !important;padding-right: 32px !important;padding-bottom: 32px !important;padding-left: 32px !important;background-color: #ffffff !important;}&#8221; el_id=&#8221;ABOUT US&#8221;][vc_column width=&#8221;1\/2&#8243; el_class=&#8221;padding-right-30&#8243;][vc_single_image image=&#8221;4204&#8243; img_size=&#8221;medicenter-vertical-image&#8221; el_class=&#8221;page-margin-top side-image&#8221;][vc_single_image image=&#8221;4205&#8243; img_size=&#8221;medicenter-vertical-image&#8221; alignment=&#8221;right&#8221;][\/vc_column][vc_column width=&#8221;1\/2&#8243;][box_header title=&#8221;Obezite Cerrahi Tedavileri Arac\u0131 Kurulu\u015fu&#8221; bottom_border=&#8221;1&#8243; animation=&#8221;0&#8243;][vc_column_text el_class=&#8221;large margin-top-10&#8243;] ABOUT US As We Know Your Change Tourism; We provide services in the fields of hair transplantation, dental treatments,<\/p>\n","protected":false},"author":1,"featured_media":0,"parent":0,"menu_order":0,"comment_status":"closed","ping_status":"closed","template":"template-default-without-breadcrumbs.php","meta":{"footnotes":""},"class_list":["post-4401","page","type-page","status-publish","hentry"],"_links":{"self":[{"href":"https:\/\/weknowyourchange.com\/en\/wp-json\/wp\/v2\/pages\/4401","targetHints":{"allow":["GET"]}}],"collection":[{"href":"https:\/\/weknowyourchange.com\/en\/wp-json\/wp\/v2\/pages"}],"about":[{"href":"https:\/\/weknowyourchange.com\/en\/wp-json\/wp\/v2\/types\/page"}],"author":[{"embeddable":true,"href":"https:\/\/weknowyourchange.com\/en\/wp-json\/wp\/v2\/users\/1"}],"replies":[{"embeddable":true,"href":"https:\/\/weknowyourchange.com\/en\/wp-json\/wp\/v2\/comments?post=4401"}],"version-history":[{"count":37,"href":"https:\/\/weknowyourchange.com\/en\/wp-json\/wp\/v2\/pages\/4401\/revisions"}],"predecessor-version":[{"id":4625,"href":"https:\/\/weknowyourchange.com\/en\/wp-json\/wp\/v2\/pages\/4401\/revisions\/4625"}],"wp:attachment":[{"href":"https:\/\/weknowyourchange.com\/en\/wp-json\/wp\/v2\/media?parent=4401"}],"curies":[{"name":"wp","href":"https:\/\/api.w.org\/{rel}","templated":true}]}}