{"id":4408,"date":"2023-01-06T17:57:13","date_gmt":"2023-01-06T14:57:13","guid":{"rendered":"https:\/\/weknowyourchange.com\/acceuil\/"},"modified":"2023-01-10T14:22:08","modified_gmt":"2023-01-10T11:22:08","slug":"acceuil","status":"publish","type":"page","link":"https:\/\/weknowyourchange.com\/fr\/","title":{"rendered":"Acceuil"},"content":{"rendered":"<p>[vc_row type=\u00a0\u00bbfull-width\u00a0\u00bb][vc_column][rev_slider_vc alias=\u00a0\u00bbhome-mainclassic-slider\u00a0\u00bb][\/vc_column][\/vc_row][vc_row top_margin=\u00a0\u00bbpage-margin-top-section\u00a0\u00bb css=\u00a0\u00bb.vc_custom_1659302440374{padding-top: 32px !important;padding-right: 32px !important;padding-bottom: 32px !important;padding-left: 32px !important;background-color: #ffffff !important;}\u00a0\u00bb el_id=\u00a0\u00bba-propos-de-nous\u00a0\u00bb][vc_column width=\u00a0\u00bb1\/2&Prime; el_class=\u00a0\u00bbpadding-right-30&Prime;][vc_single_image image=\u00a0\u00bb4204&Prime; img_size=\u00a0\u00bbmedicenter-vertical-image\u00a0\u00bb el_class=\u00a0\u00bbpage-margin-top side-image\u00a0\u00bb][vc_single_image image=\u00a0\u00bb4205&Prime; img_size=\u00a0\u00bbmedicenter-vertical-image\u00a0\u00bb alignment=\u00a0\u00bbright\u00a0\u00bb][\/vc_column][vc_column width=\u00a0\u00bb1\/2&Prime;][box_header title=\u00a0\u00bbObezite Cerrahi Tedavileri Arac\u0131 Kurulu\u015fu\u00a0\u00bb bottom_border=\u00a0\u00bb1&Prime; animation=\u00a0\u00bb0&Prime;][vc_column_text el_class=\u00a0\u00bblarge margin-top-10&Prime;]<\/p>\n<h4>\u00c0 PROPOS DE NOUS<\/h4>\n<p>comme We Know Your Change Turizm olarak;<br \/>\nNous fournissons des services dans les domaines de la transplantation capillaire, des traitements dentaires, des traitements de chirurgie esth\u00e9tique \u00e0 nos patients \u00e9trangers venant de l&rsquo;\u00e9tranger par l&rsquo;interm\u00e9diaire de nos traducteurs parlant anglais, allemand et fran\u00e7ais dans les h\u00f4pitaux que nous avons contract\u00e9s. Nous vous conseillons \u00e9galement sur les transferts d&rsquo;a\u00e9roport, l&rsquo;h\u00e9bergement en h\u00f4tel, les besoins en mati\u00e8re de traitement et les visites touristiques \u00e0 Istanbul.[\/vc_column_text][vc_row_inner][vc_column_inner width=\u00a0\u00bb1\/2&Prime; css=\u00a0\u00bb.vc_custom_1659301628300{margin-top: 14px !important;}\u00a0\u00bb][items_list type=\u00a0\u00bbsimple\u00a0\u00bb animation=\u00a0\u00bb0&Prime; additembutton=\u00a0\u00bb\u00a0\u00bb read_more=\u00a0\u00bb0&Prime;][item type=\u00a0\u00bbitems\u00a0\u00bb value=\u00a0\u00bb\u00a0\u00bb url=\u00a0\u00bb\u00a0\u00bb url_target=\u00a0\u00bbnew_window\u00a0\u00bb icon=\u00a0\u00bbtick-2&Prime; text_color=\u00a0\u00bb\u00a0\u00bb value_color=\u00a0\u00bb\u00a0\u00bb value_bg_color=\u00a0\u00bb\u00a0\u00bb border_color=\u00a0\u00bb\u00a0\u00bb]Chirurgies De L\u2019Ob\u00e9sit\u00e9[\/item][item type=\u00a0\u00bbitems\u00a0\u00bb value=\u00a0\u00bb\u00a0\u00bb url=\u00a0\u00bb\u00a0\u00bb url_target=\u00a0\u00bbnew_window\u00a0\u00bb icon=\u00a0\u00bbtick-2&Prime; text_color=\u00a0\u00bb\u00a0\u00bb value_color=\u00a0\u00bb\u00a0\u00bb value_bg_color=\u00a0\u00bb\u00a0\u00bb border_color=\u00a0\u00bb\u00a0\u00bb]Traitements Dentaires[\/item][item type=\u00a0\u00bbitems\u00a0\u00bb value=\u00a0\u00bb\u00a0\u00bb url=\u00a0\u00bb\u00a0\u00bb url_target=\u00a0\u00bbnew_window\u00a0\u00bb icon=\u00a0\u00bbtick-2&Prime; text_color=\u00a0\u00bb\u00a0\u00bb value_color=\u00a0\u00bb\u00a0\u00bb value_bg_color=\u00a0\u00bb\u00a0\u00bb border_color=\u00a0\u00bb\u00a0\u00bb]Chirurgie M\u00e9tabolique[\/item][\/items_list][\/vc_column_inner][vc_column_inner width=\u00a0\u00bb1\/2&Prime;][items_list type=\u00a0\u00bbsimple\u00a0\u00bb animation=\u00a0\u00bb0&Prime; additembutton=\u00a0\u00bb\u00a0\u00bb read_more=\u00a0\u00bb0&Prime; class=\u00a0\u00bbmargin-top-15&Prime;][item type=\u00a0\u00bbitems\u00a0\u00bb value=\u00a0\u00bb\u00a0\u00bb url=\u00a0\u00bb\u00a0\u00bb url_target=\u00a0\u00bbnew_window\u00a0\u00bb icon=\u00a0\u00bbtick-2&Prime; text_color=\u00a0\u00bb\u00a0\u00bb value_color=\u00a0\u00bb\u00a0\u00bb value_bg_color=\u00a0\u00bb\u00a0\u00bb border_color=\u00a0\u00bb\u00a0\u00bb]Traitements Oncologiques[\/item][item type=\u00a0\u00bbitems\u00a0\u00bb value=\u00a0\u00bb\u00a0\u00bb url=\u00a0\u00bb\u00a0\u00bb url_target=\u00a0\u00bbnew_window\u00a0\u00bb icon=\u00a0\u00bbtick-2&Prime; text_color=\u00a0\u00bb\u00a0\u00bb value_color=\u00a0\u00bb\u00a0\u00bb value_bg_color=\u00a0\u00bb\u00a0\u00bb border_color=\u00a0\u00bb\u00a0\u00bb]Greffe de Cheveux[\/item][item type=\u00a0\u00bbitems\u00a0\u00bb value=\u00a0\u00bb\u00a0\u00bb url=\u00a0\u00bb\u00a0\u00bb url_target=\u00a0\u00bbnew_window\u00a0\u00bb icon=\u00a0\u00bbtick-2&Prime; text_color=\u00a0\u00bb\u00a0\u00bb value_color=\u00a0\u00bb\u00a0\u00bb value_bg_color=\u00a0\u00bb\u00a0\u00bb border_color=\u00a0\u00bb\u00a0\u00bb]Chirurgies Esth\u00e9tiques[\/item][\/items_list][\/vc_column_inner][\/vc_row_inner][\/vc_column][\/vc_row][vc_row type=\u00a0\u00bbfull-width\u00a0\u00bb top_margin=\u00a0\u00bbpage-margin-top-section\u00a0\u00bb el_class=\u00a0\u00bbalign-center padding-top-57 padding-bottom-63&Prime;][vc_column width=\u00a0\u00bb1\/4&Prime;][vc_empty_space][\/vc_column][vc_column width=\u00a0\u00bb1\/4&Prime;][\/vc_column][vc_column width=\u00a0\u00bb1\/4&Prime;][\/vc_column][vc_column width=\u00a0\u00bb1\/4&Prime;][vc_button title=\u00a0\u00bbRendez-Vous En Ligne\u00a0\u00bb size=\u00a0\u00bblarge\u00a0\u00bb icon=\u00a0\u00bbtemplate-arrow-horizontal-1-after\u00a0\u00bb style=\u00a0\u00bbdark-color\u00a0\u00bb href=\u00a0\u00bbhttps:%2F%2Fwa.me%2F%20905466102000%3Ftext%3DBilgi%20Almak%20%C4%B0stiyorum%20Clinicht|\u00a0\u00bb][\/vc_column][\/vc_row][vc_row type=\u00a0\u00bbfull-width\u00a0\u00bb css=\u00a0\u00bb.vc_custom_1659302459873{margin-bottom: -64px !important;padding-top: 32px !important;padding-bottom: 32px !important;background-color: #ffffff !important;}\u00a0\u00bb el_id=\u00a0\u00bbnos-partenariats\u00a0\u00bb][vc_column][vc_custom_heading text=\u00a0\u00bbNos Partenariats\u00a0\u00bb font_container=\u00a0\u00bbtag:h2|text_align:center|color:%231e73be\u00a0\u00bb use_theme_fonts=\u00a0\u00bbyes\u00a0\u00bb][vc_row_inner content_placement=\u00a0\u00bbmiddle\u00a0\u00bb top_margin=\u00a0\u00bbpage-margin-top\u00a0\u00bb el_class=\u00a0\u00bbmargin-bottom-50&Prime;][vc_column_inner width=\u00a0\u00bb1\/4&Prime;][our_clients images=\u00a0\u00bb4468&Prime; onclick=\u00a0\u00bbcustom_link\u00a0\u00bb custom_links_target=\u00a0\u00bb_blank\u00a0\u00bb custom_links=\u00a0\u00bbhttps:\/\/hsmradyoloji.com\/\u00a0\u00bb el_class=\u00a0\u00bbHsm \u0130leri G\u00f6r\u00fcnt\u00fcleme ve Tan\u0131 Merkezi\u00a0\u00bb][vc_column_text]<\/p>\n<p style=\"text-align: center;\"><strong>Centre d&rsquo;imagerie et de diagnostic avanc\u00e9 Hsm<\/strong><\/p>\n<p>[\/vc_column_text][\/vc_column_inner][vc_column_inner width=\u00a0\u00bb1\/4&Prime;][our_clients images=\u00a0\u00bb4201&Prime; onclick=\u00a0\u00bbcustom_link\u00a0\u00bb custom_links_target=\u00a0\u00bb_blank\u00a0\u00bb custom_links=\u00a0\u00bbwww.tursab.com.tr\u00a0\u00bb][vc_column_text]<\/p>\n<p style=\"text-align: center;\"><strong>TURSAB<\/strong><\/p>\n<p>[\/vc_column_text][\/vc_column_inner][vc_column_inner width=\u00a0\u00bb1\/4&Prime;][our_clients images=\u00a0\u00bb4622&Prime; onclick=\u00a0\u00bbcustom_link\u00a0\u00bb custom_links_target=\u00a0\u00bb_blank\u00a0\u00bb custom_links=\u00a0\u00bbhttps:\/\/metinkaradeniz.com\/tr\/anasayfa\/\u00a0\u00bb][vc_column_text]<\/p>\n<p style=\"text-align: center;\"><strong>Op. Dr Metin Karadeniz Clinique<\/strong><\/p>\n<p>[\/vc_column_text][\/vc_column_inner][vc_column_inner width=\u00a0\u00bb1\/4&Prime;][our_clients images=\u00a0\u00bb4506&Prime; onclick=\u00a0\u00bbcustom_link\u00a0\u00bb custom_links_target=\u00a0\u00bb_blank\u00a0\u00bb custom_links=\u00a0\u00bbhttps:\/\/atakent.com\/\u00a0\u00bb][vc_column_text]<\/p>\n<p style=\"text-align: center;\"><strong>H\u00f4pital Yalova Atakent<\/strong><\/p>\n<p>[\/vc_column_text][\/vc_column_inner][\/vc_row_inner][\/vc_column][\/vc_row][vc_row el_id=\u00a0\u00bbCommunication\u00a0\u00bb][vc_column][vc_column_text]<\/p>\n<p>[\/vc_column_text][\/vc_column][\/vc_row][vc_row top_margin=\u00a0\u00bbpage-margin-top-section\u00a0\u00bb][vc_column width=\u00a0\u00bb1\/3&Prime;]<ul class=\"clearfix mc-features mc-features-large mc-features-style-light\"><li class=\"item-content clearfix no-icon\">\r\n\t\t\t\t<div class=\"text\"><h2><span   title=\"Adress\">Adress<\/span><\/h2><p>Atat\u00fcrk Mah. G\u00fclay Sok no:13\/A 34758<br \/>\nAta\u015fehir \/ \u0130stanbul, T\u00fcrkiye<\/p>\n<\/div>\r\n\t\t\t<\/li><\/ul>[\/vc_column][vc_column width=\u00a0\u00bb1\/3&Prime;]<ul class=\"clearfix mc-features mc-features-large mc-features-style-light\"><li class=\"item-content clearfix no-icon\">\r\n\t\t\t\t<div class=\"text\"><h2><span   title=\"T\u00e9l\u00e9phone\">T\u00e9l\u00e9phone<\/span><\/h2><p>+90 546 610 2000<\/p>\n<\/div>\r\n\t\t\t<\/li><\/ul>[\/vc_column][vc_column width=\u00a0\u00bb1\/3&Prime;]<ul class=\"clearfix mc-features mc-features-large mc-features-style-light\"><li class=\"item-content clearfix no-icon\">\r\n\t\t\t\t<div class=\"text\"><h2><span   title=\"Horaire\">Horaire<\/span><\/h2><p>7j\/7 24h\/24<\/p>\n<\/div>\r\n\t\t\t<\/li><\/ul>[\/vc_column][\/vc_row]<\/p>\n","protected":false},"excerpt":{"rendered":"<p>[vc_row type=\u00a0\u00bbfull-width\u00a0\u00bb][vc_column][rev_slider_vc alias=\u00a0\u00bbhome-mainclassic-slider\u00a0\u00bb][\/vc_column][\/vc_row][vc_row top_margin=\u00a0\u00bbpage-margin-top-section\u00a0\u00bb css=\u00a0\u00bb.vc_custom_1659302440374{padding-top: 32px !important;padding-right: 32px !important;padding-bottom: 32px !important;padding-left: 32px !important;background-color: #ffffff !important;}\u00a0\u00bb el_id=\u00a0\u00bba-propos-de-nous\u00a0\u00bb][vc_column width=\u00a0\u00bb1\/2&Prime; el_class=\u00a0\u00bbpadding-right-30&Prime;][vc_single_image image=\u00a0\u00bb4204&Prime; img_size=\u00a0\u00bbmedicenter-vertical-image\u00a0\u00bb el_class=\u00a0\u00bbpage-margin-top side-image\u00a0\u00bb][vc_single_image image=\u00a0\u00bb4205&Prime; img_size=\u00a0\u00bbmedicenter-vertical-image\u00a0\u00bb alignment=\u00a0\u00bbright\u00a0\u00bb][\/vc_column][vc_column width=\u00a0\u00bb1\/2&Prime;][box_header title=\u00a0\u00bbObezite Cerrahi Tedavileri Arac\u0131 Kurulu\u015fu\u00a0\u00bb bottom_border=\u00a0\u00bb1&Prime; animation=\u00a0\u00bb0&Prime;][vc_column_text el_class=\u00a0\u00bblarge margin-top-10&Prime;] \u00c0 PROPOS DE NOUS comme We Know Your Change Turizm olarak; Nous fournissons des services dans les domaines de la<\/p>\n","protected":false},"author":1,"featured_media":0,"parent":0,"menu_order":0,"comment_status":"closed","ping_status":"closed","template":"template-default-without-breadcrumbs.php","meta":{"footnotes":""},"class_list":["post-4408","page","type-page","status-publish","hentry"],"_links":{"self":[{"href":"https:\/\/weknowyourchange.com\/fr\/wp-json\/wp\/v2\/pages\/4408","targetHints":{"allow":["GET"]}}],"collection":[{"href":"https:\/\/weknowyourchange.com\/fr\/wp-json\/wp\/v2\/pages"}],"about":[{"href":"https:\/\/weknowyourchange.com\/fr\/wp-json\/wp\/v2\/types\/page"}],"author":[{"embeddable":true,"href":"https:\/\/weknowyourchange.com\/fr\/wp-json\/wp\/v2\/users\/1"}],"replies":[{"embeddable":true,"href":"https:\/\/weknowyourchange.com\/fr\/wp-json\/wp\/v2\/comments?post=4408"}],"version-history":[{"count":47,"href":"https:\/\/weknowyourchange.com\/fr\/wp-json\/wp\/v2\/pages\/4408\/revisions"}],"predecessor-version":[{"id":4626,"href":"https:\/\/weknowyourchange.com\/fr\/wp-json\/wp\/v2\/pages\/4408\/revisions\/4626"}],"wp:attachment":[{"href":"https:\/\/weknowyourchange.com\/fr\/wp-json\/wp\/v2\/media?parent=4408"}],"curies":[{"name":"wp","href":"https:\/\/api.w.org\/{rel}","templated":true}]}}